{"id":4202,"date":"2021-03-23T14:14:23","date_gmt":"2021-03-23T14:14:23","guid":{"rendered":"https:\/\/namestajvdvantic.com\/proizvod\/armchair-monza\/"},"modified":"2021-03-23T14:14:23","modified_gmt":"2021-03-23T14:14:23","slug":"armchair-monza","status":"publish","type":"product","link":"https:\/\/namestajvdvantic.com\/en\/proizvod\/armchair-monza\/","title":{"rendered":"Armchair Monza"},"content":{"rendered":"","protected":false},"excerpt":{"rendered":"<h3>DESCRIPTION<\/h3>\n<p>The construction of the armchair is made of first class beech hardwood. Backrest made of upholstered veneer, enriched with oak veneer. Fabric and wood color on request from VDV Anti\u0107 color palette and design.<\/p>\n<h3>DIMENSIONS<\/h3>\n<p>Height: 87cm<br \/>\nDepth: 48cm<br \/>\nWidth: 52cm <\/p>\n","protected":false},"featured_media":4203,"comment_status":"open","ping_status":"closed","template":"","meta":{"_acf_changed":false},"product_cat":[171],"product_tag":[],"class_list":["post-4202","product","type-product","status-publish","has-post-thumbnail","hentry","product_cat-armchairs"],"acf":[],"yoast_head":"<!-- This site is optimized with the Yoast SEO plugin v23.4 - https:\/\/yoast.com\/wordpress\/plugins\/seo\/ -->\n<title>Armchair Monza | Name\u0161taj VDV Anti\u0107<\/title>\n<meta name=\"robots\" content=\"index, follow, max-snippet:-1, max-image-preview:large, max-video-preview:-1\" \/>\n<link rel=\"canonical\" href=\"https:\/\/namestajvdvantic.com\/en\/proizvod\/armchair-monza\/\" \/>\n<meta property=\"og:locale\" content=\"en_US\" \/>\n<meta property=\"og:type\" content=\"article\" \/>\n<meta property=\"og:title\" content=\"Armchair Monza | Name\u0161taj VDV Anti\u0107\" \/>\n<meta property=\"og:description\" content=\"DESCRIPTION The construction of the armchair is made of first class beech hardwood. Backrest made of upholstered veneer, enriched with oak veneer. Fabric and wood color on request from VDV Anti\u0107 color palette and design. DIMENSIONS Height: 87cm Depth: 48cm Width: 52cm\" \/>\n<meta property=\"og:url\" content=\"https:\/\/namestajvdvantic.com\/en\/proizvod\/armchair-monza\/\" \/>\n<meta property=\"og:site_name\" content=\"Name\u0161taj VDV Anti\u0107\" \/>\n<meta property=\"article:publisher\" content=\"https:\/\/www.facebook.com\/namestaj.antic\/\" \/>\n<meta property=\"og:image\" content=\"https:\/\/namestajvdvantic.com\/wp-content\/uploads\/2021\/03\/klub-fotelja-monza.jpg\" \/>\n\t<meta property=\"og:image:width\" content=\"800\" \/>\n\t<meta property=\"og:image:height\" content=\"1080\" \/>\n\t<meta property=\"og:image:type\" content=\"image\/jpeg\" \/>\n<meta name=\"twitter:card\" content=\"summary_large_image\" \/>\n<script type=\"application\/ld+json\" class=\"yoast-schema-graph\">{\"@context\":\"https:\/\/schema.org\",\"@graph\":[{\"@type\":\"WebPage\",\"@id\":\"https:\/\/namestajvdvantic.com\/en\/proizvod\/armchair-monza\/\",\"url\":\"https:\/\/namestajvdvantic.com\/en\/proizvod\/armchair-monza\/\",\"name\":\"Armchair Monza | Name\u0161taj VDV Anti\u0107\",\"isPartOf\":{\"@id\":\"https:\/\/namestajvdvantic.com\/#website\"},\"primaryImageOfPage\":{\"@id\":\"https:\/\/namestajvdvantic.com\/en\/proizvod\/armchair-monza\/#primaryimage\"},\"image\":{\"@id\":\"https:\/\/namestajvdvantic.com\/en\/proizvod\/armchair-monza\/#primaryimage\"},\"thumbnailUrl\":\"https:\/\/namestajvdvantic.com\/wp-content\/uploads\/2021\/03\/klub-fotelja-monza.jpg\",\"datePublished\":\"2021-03-23T14:14:23+00:00\",\"dateModified\":\"2021-03-23T14:14:23+00:00\",\"breadcrumb\":{\"@id\":\"https:\/\/namestajvdvantic.com\/en\/proizvod\/armchair-monza\/#breadcrumb\"},\"inLanguage\":\"en-US\",\"potentialAction\":[{\"@type\":\"ReadAction\",\"target\":[\"https:\/\/namestajvdvantic.com\/en\/proizvod\/armchair-monza\/\"]}]},{\"@type\":\"ImageObject\",\"inLanguage\":\"en-US\",\"@id\":\"https:\/\/namestajvdvantic.com\/en\/proizvod\/armchair-monza\/#primaryimage\",\"url\":\"https:\/\/namestajvdvantic.com\/wp-content\/uploads\/2021\/03\/klub-fotelja-monza.jpg\",\"contentUrl\":\"https:\/\/namestajvdvantic.com\/wp-content\/uploads\/2021\/03\/klub-fotelja-monza.jpg\",\"width\":800,\"height\":1080},{\"@type\":\"BreadcrumbList\",\"@id\":\"https:\/\/namestajvdvantic.com\/en\/proizvod\/armchair-monza\/#breadcrumb\",\"itemListElement\":[{\"@type\":\"ListItem\",\"position\":1,\"name\":\"Home\",\"item\":\"https:\/\/namestajvdvantic.com\/en\/\"},{\"@type\":\"ListItem\",\"position\":2,\"name\":\"Furniture\",\"item\":\"https:\/\/namestajvdvantic.com\/en\/furniture\/\"},{\"@type\":\"ListItem\",\"position\":3,\"name\":\"Armchair Monza\"}]},{\"@type\":\"WebSite\",\"@id\":\"https:\/\/namestajvdvantic.com\/#website\",\"url\":\"https:\/\/namestajvdvantic.com\/\",\"name\":\"Name\u0161taj VDV Anti\u0107 Kru\u0161evac - Name\u0161taj Kraljevo, Name\u0161taj \u010ca\u010dak\",\"description\":\"Proizvodnja i prodaja name\u0161taja vrhunskog kvaliteta\",\"publisher\":{\"@id\":\"https:\/\/namestajvdvantic.com\/#organization\"},\"potentialAction\":[{\"@type\":\"SearchAction\",\"target\":{\"@type\":\"EntryPoint\",\"urlTemplate\":\"https:\/\/namestajvdvantic.com\/?s={search_term_string}\"},\"query-input\":{\"@type\":\"PropertyValueSpecification\",\"valueRequired\":true,\"valueName\":\"search_term_string\"}}],\"inLanguage\":\"en-US\"},{\"@type\":\"Organization\",\"@id\":\"https:\/\/namestajvdvantic.com\/#organization\",\"name\":\"Name\u0161taj VDV Anti\u0107\",\"url\":\"https:\/\/namestajvdvantic.com\/\",\"logo\":{\"@type\":\"ImageObject\",\"inLanguage\":\"en-US\",\"@id\":\"https:\/\/namestajvdvantic.com\/#\/schema\/logo\/image\/\",\"url\":\"https:\/\/namestajvdvantic.com\/wp-content\/uploads\/2021\/03\/logo-vdv-1.png\",\"contentUrl\":\"https:\/\/namestajvdvantic.com\/wp-content\/uploads\/2021\/03\/logo-vdv-1.png\",\"width\":120,\"height\":50,\"caption\":\"Name\u0161taj VDV Anti\u0107\"},\"image\":{\"@id\":\"https:\/\/namestajvdvantic.com\/#\/schema\/logo\/image\/\"},\"sameAs\":[\"https:\/\/www.facebook.com\/namestaj.antic\/\",\"https:\/\/www.instagram.com\/namestaj.antic\/\"]}]}<\/script>\n<!-- \/ Yoast SEO plugin. -->","yoast_head_json":{"title":"Armchair Monza | Name\u0161taj VDV Anti\u0107","robots":{"index":"index","follow":"follow","max-snippet":"max-snippet:-1","max-image-preview":"max-image-preview:large","max-video-preview":"max-video-preview:-1"},"canonical":"https:\/\/namestajvdvantic.com\/en\/proizvod\/armchair-monza\/","og_locale":"en_US","og_type":"article","og_title":"Armchair Monza | Name\u0161taj VDV Anti\u0107","og_description":"DESCRIPTION The construction of the armchair is made of first class beech hardwood. Backrest made of upholstered veneer, enriched with oak veneer. Fabric and wood color on request from VDV Anti\u0107 color palette and design. DIMENSIONS Height: 87cm Depth: 48cm Width: 52cm","og_url":"https:\/\/namestajvdvantic.com\/en\/proizvod\/armchair-monza\/","og_site_name":"Name\u0161taj VDV Anti\u0107","article_publisher":"https:\/\/www.facebook.com\/namestaj.antic\/","og_image":[{"width":800,"height":1080,"url":"https:\/\/namestajvdvantic.com\/wp-content\/uploads\/2021\/03\/klub-fotelja-monza.jpg","type":"image\/jpeg"}],"twitter_card":"summary_large_image","schema":{"@context":"https:\/\/schema.org","@graph":[{"@type":"WebPage","@id":"https:\/\/namestajvdvantic.com\/en\/proizvod\/armchair-monza\/","url":"https:\/\/namestajvdvantic.com\/en\/proizvod\/armchair-monza\/","name":"Armchair Monza | Name\u0161taj VDV Anti\u0107","isPartOf":{"@id":"https:\/\/namestajvdvantic.com\/#website"},"primaryImageOfPage":{"@id":"https:\/\/namestajvdvantic.com\/en\/proizvod\/armchair-monza\/#primaryimage"},"image":{"@id":"https:\/\/namestajvdvantic.com\/en\/proizvod\/armchair-monza\/#primaryimage"},"thumbnailUrl":"https:\/\/namestajvdvantic.com\/wp-content\/uploads\/2021\/03\/klub-fotelja-monza.jpg","datePublished":"2021-03-23T14:14:23+00:00","dateModified":"2021-03-23T14:14:23+00:00","breadcrumb":{"@id":"https:\/\/namestajvdvantic.com\/en\/proizvod\/armchair-monza\/#breadcrumb"},"inLanguage":"en-US","potentialAction":[{"@type":"ReadAction","target":["https:\/\/namestajvdvantic.com\/en\/proizvod\/armchair-monza\/"]}]},{"@type":"ImageObject","inLanguage":"en-US","@id":"https:\/\/namestajvdvantic.com\/en\/proizvod\/armchair-monza\/#primaryimage","url":"https:\/\/namestajvdvantic.com\/wp-content\/uploads\/2021\/03\/klub-fotelja-monza.jpg","contentUrl":"https:\/\/namestajvdvantic.com\/wp-content\/uploads\/2021\/03\/klub-fotelja-monza.jpg","width":800,"height":1080},{"@type":"BreadcrumbList","@id":"https:\/\/namestajvdvantic.com\/en\/proizvod\/armchair-monza\/#breadcrumb","itemListElement":[{"@type":"ListItem","position":1,"name":"Home","item":"https:\/\/namestajvdvantic.com\/en\/"},{"@type":"ListItem","position":2,"name":"Furniture","item":"https:\/\/namestajvdvantic.com\/en\/furniture\/"},{"@type":"ListItem","position":3,"name":"Armchair Monza"}]},{"@type":"WebSite","@id":"https:\/\/namestajvdvantic.com\/#website","url":"https:\/\/namestajvdvantic.com\/","name":"Name\u0161taj VDV Anti\u0107 Kru\u0161evac - Name\u0161taj Kraljevo, Name\u0161taj \u010ca\u010dak","description":"Proizvodnja i prodaja name\u0161taja vrhunskog kvaliteta","publisher":{"@id":"https:\/\/namestajvdvantic.com\/#organization"},"potentialAction":[{"@type":"SearchAction","target":{"@type":"EntryPoint","urlTemplate":"https:\/\/namestajvdvantic.com\/?s={search_term_string}"},"query-input":{"@type":"PropertyValueSpecification","valueRequired":true,"valueName":"search_term_string"}}],"inLanguage":"en-US"},{"@type":"Organization","@id":"https:\/\/namestajvdvantic.com\/#organization","name":"Name\u0161taj VDV Anti\u0107","url":"https:\/\/namestajvdvantic.com\/","logo":{"@type":"ImageObject","inLanguage":"en-US","@id":"https:\/\/namestajvdvantic.com\/#\/schema\/logo\/image\/","url":"https:\/\/namestajvdvantic.com\/wp-content\/uploads\/2021\/03\/logo-vdv-1.png","contentUrl":"https:\/\/namestajvdvantic.com\/wp-content\/uploads\/2021\/03\/logo-vdv-1.png","width":120,"height":50,"caption":"Name\u0161taj VDV Anti\u0107"},"image":{"@id":"https:\/\/namestajvdvantic.com\/#\/schema\/logo\/image\/"},"sameAs":["https:\/\/www.facebook.com\/namestaj.antic\/","https:\/\/www.instagram.com\/namestaj.antic\/"]}]}},"_links":{"self":[{"href":"https:\/\/namestajvdvantic.com\/en\/wp-json\/wp\/v2\/product\/4202","targetHints":{"allow":["GET"]}}],"collection":[{"href":"https:\/\/namestajvdvantic.com\/en\/wp-json\/wp\/v2\/product"}],"about":[{"href":"https:\/\/namestajvdvantic.com\/en\/wp-json\/wp\/v2\/types\/product"}],"replies":[{"embeddable":true,"href":"https:\/\/namestajvdvantic.com\/en\/wp-json\/wp\/v2\/comments?post=4202"}],"wp:featuredmedia":[{"embeddable":true,"href":"https:\/\/namestajvdvantic.com\/en\/wp-json\/wp\/v2\/media\/4203"}],"wp:attachment":[{"href":"https:\/\/namestajvdvantic.com\/en\/wp-json\/wp\/v2\/media?parent=4202"}],"wp:term":[{"taxonomy":"product_cat","embeddable":true,"href":"https:\/\/namestajvdvantic.com\/en\/wp-json\/wp\/v2\/product_cat?post=4202"},{"taxonomy":"product_tag","embeddable":true,"href":"https:\/\/namestajvdvantic.com\/en\/wp-json\/wp\/v2\/product_tag?post=4202"}],"curies":[{"name":"wp","href":"https:\/\/api.w.org\/{rel}","templated":true}]}}