{"id":4295,"date":"2021-05-05T10:55:33","date_gmt":"2021-05-05T10:55:33","guid":{"rendered":"https:\/\/namestajvdvantic.com\/proizvod\/french-bed-elegans\/"},"modified":"2024-08-12T12:42:56","modified_gmt":"2024-08-12T12:42:56","slug":"french-bed-elegans","status":"publish","type":"product","link":"https:\/\/namestajvdvantic.com\/en\/proizvod\/french-bed-elegans\/","title":{"rendered":"French bed Elegans"},"content":{"rendered":"","protected":false},"excerpt":{"rendered":"<h3>DESCRIPTION<\/h3>\n<p>The construction of the bed is made of first class beech hardwood. Fabric and design on request from the VDV Anti\u0107 palette. The bed can be opened, under which there is space for storing things, bedding, etc.<\/p>\n<h3>DIMENSIONS<\/h3>\n<p>210x160x120cm<\/p>\n","protected":false},"featured_media":3513,"comment_status":"open","ping_status":"closed","template":"","meta":{"_acf_changed":false},"product_cat":[174,175],"product_tag":[],"class_list":["post-4295","product","type-product","status-publish","has-post-thumbnail","hentry","product_cat-beds","product_cat-french-bed"],"acf":[],"yoast_head":"<!-- This site is optimized with the Yoast SEO plugin v23.4 - https:\/\/yoast.com\/wordpress\/plugins\/seo\/ -->\n<title>French bed Elegans | Name\u0161taj VDV Anti\u0107<\/title>\n<meta name=\"robots\" content=\"index, follow, max-snippet:-1, max-image-preview:large, max-video-preview:-1\" \/>\n<link rel=\"canonical\" href=\"https:\/\/namestajvdvantic.com\/en\/proizvod\/french-bed-elegans\/\" \/>\n<meta property=\"og:locale\" content=\"en_US\" \/>\n<meta property=\"og:type\" content=\"article\" \/>\n<meta property=\"og:title\" content=\"French bed Elegans | Name\u0161taj VDV Anti\u0107\" \/>\n<meta property=\"og:description\" content=\"DESCRIPTION The construction of the bed is made of first class beech hardwood. Fabric and design on request from the VDV Anti\u0107 palette. The bed can be opened, under which there is space for storing things, bedding, etc. DIMENSIONS 210x160x120cm\" \/>\n<meta property=\"og:url\" content=\"https:\/\/namestajvdvantic.com\/en\/proizvod\/french-bed-elegans\/\" \/>\n<meta property=\"og:site_name\" content=\"Name\u0161taj VDV Anti\u0107\" \/>\n<meta property=\"article:publisher\" content=\"https:\/\/www.facebook.com\/namestaj.antic\/\" \/>\n<meta property=\"article:modified_time\" content=\"2024-08-12T12:42:56+00:00\" \/>\n<meta property=\"og:image\" content=\"https:\/\/namestajvdvantic.com\/wp-content\/uploads\/2021\/05\/franc-lezaj-elegans.jpg\" \/>\n\t<meta property=\"og:image:width\" content=\"800\" \/>\n\t<meta property=\"og:image:height\" content=\"1080\" \/>\n\t<meta property=\"og:image:type\" content=\"image\/jpeg\" \/>\n<meta name=\"twitter:card\" content=\"summary_large_image\" \/>\n<script type=\"application\/ld+json\" class=\"yoast-schema-graph\">{\"@context\":\"https:\/\/schema.org\",\"@graph\":[{\"@type\":\"WebPage\",\"@id\":\"https:\/\/namestajvdvantic.com\/en\/proizvod\/french-bed-elegans\/\",\"url\":\"https:\/\/namestajvdvantic.com\/en\/proizvod\/french-bed-elegans\/\",\"name\":\"French bed Elegans | Name\u0161taj VDV Anti\u0107\",\"isPartOf\":{\"@id\":\"https:\/\/namestajvdvantic.com\/#website\"},\"primaryImageOfPage\":{\"@id\":\"https:\/\/namestajvdvantic.com\/en\/proizvod\/french-bed-elegans\/#primaryimage\"},\"image\":{\"@id\":\"https:\/\/namestajvdvantic.com\/en\/proizvod\/french-bed-elegans\/#primaryimage\"},\"thumbnailUrl\":\"https:\/\/namestajvdvantic.com\/wp-content\/uploads\/2021\/05\/franc-lezaj-elegans.jpg\",\"datePublished\":\"2021-05-05T10:55:33+00:00\",\"dateModified\":\"2024-08-12T12:42:56+00:00\",\"breadcrumb\":{\"@id\":\"https:\/\/namestajvdvantic.com\/en\/proizvod\/french-bed-elegans\/#breadcrumb\"},\"inLanguage\":\"en-US\",\"potentialAction\":[{\"@type\":\"ReadAction\",\"target\":[\"https:\/\/namestajvdvantic.com\/en\/proizvod\/french-bed-elegans\/\"]}]},{\"@type\":\"ImageObject\",\"inLanguage\":\"en-US\",\"@id\":\"https:\/\/namestajvdvantic.com\/en\/proizvod\/french-bed-elegans\/#primaryimage\",\"url\":\"https:\/\/namestajvdvantic.com\/wp-content\/uploads\/2021\/05\/franc-lezaj-elegans.jpg\",\"contentUrl\":\"https:\/\/namestajvdvantic.com\/wp-content\/uploads\/2021\/05\/franc-lezaj-elegans.jpg\",\"width\":800,\"height\":1080},{\"@type\":\"BreadcrumbList\",\"@id\":\"https:\/\/namestajvdvantic.com\/en\/proizvod\/french-bed-elegans\/#breadcrumb\",\"itemListElement\":[{\"@type\":\"ListItem\",\"position\":1,\"name\":\"Home\",\"item\":\"https:\/\/namestajvdvantic.com\/en\/\"},{\"@type\":\"ListItem\",\"position\":2,\"name\":\"Furniture\",\"item\":\"https:\/\/namestajvdvantic.com\/en\/furniture\/\"},{\"@type\":\"ListItem\",\"position\":3,\"name\":\"French bed Elegans\"}]},{\"@type\":\"WebSite\",\"@id\":\"https:\/\/namestajvdvantic.com\/#website\",\"url\":\"https:\/\/namestajvdvantic.com\/\",\"name\":\"Name\u0161taj VDV Anti\u0107 Kru\u0161evac - Name\u0161taj Kraljevo, Name\u0161taj \u010ca\u010dak\",\"description\":\"Proizvodnja i prodaja name\u0161taja vrhunskog kvaliteta\",\"publisher\":{\"@id\":\"https:\/\/namestajvdvantic.com\/#organization\"},\"potentialAction\":[{\"@type\":\"SearchAction\",\"target\":{\"@type\":\"EntryPoint\",\"urlTemplate\":\"https:\/\/namestajvdvantic.com\/?s={search_term_string}\"},\"query-input\":{\"@type\":\"PropertyValueSpecification\",\"valueRequired\":true,\"valueName\":\"search_term_string\"}}],\"inLanguage\":\"en-US\"},{\"@type\":\"Organization\",\"@id\":\"https:\/\/namestajvdvantic.com\/#organization\",\"name\":\"Name\u0161taj VDV Anti\u0107\",\"url\":\"https:\/\/namestajvdvantic.com\/\",\"logo\":{\"@type\":\"ImageObject\",\"inLanguage\":\"en-US\",\"@id\":\"https:\/\/namestajvdvantic.com\/#\/schema\/logo\/image\/\",\"url\":\"https:\/\/namestajvdvantic.com\/wp-content\/uploads\/2021\/03\/logo-vdv-1.png\",\"contentUrl\":\"https:\/\/namestajvdvantic.com\/wp-content\/uploads\/2021\/03\/logo-vdv-1.png\",\"width\":120,\"height\":50,\"caption\":\"Name\u0161taj VDV Anti\u0107\"},\"image\":{\"@id\":\"https:\/\/namestajvdvantic.com\/#\/schema\/logo\/image\/\"},\"sameAs\":[\"https:\/\/www.facebook.com\/namestaj.antic\/\",\"https:\/\/www.instagram.com\/namestaj.antic\/\"]}]}<\/script>\n<!-- \/ Yoast SEO plugin. -->","yoast_head_json":{"title":"French bed Elegans | Name\u0161taj VDV Anti\u0107","robots":{"index":"index","follow":"follow","max-snippet":"max-snippet:-1","max-image-preview":"max-image-preview:large","max-video-preview":"max-video-preview:-1"},"canonical":"https:\/\/namestajvdvantic.com\/en\/proizvod\/french-bed-elegans\/","og_locale":"en_US","og_type":"article","og_title":"French bed Elegans | Name\u0161taj VDV Anti\u0107","og_description":"DESCRIPTION The construction of the bed is made of first class beech hardwood. Fabric and design on request from the VDV Anti\u0107 palette. The bed can be opened, under which there is space for storing things, bedding, etc. DIMENSIONS 210x160x120cm","og_url":"https:\/\/namestajvdvantic.com\/en\/proizvod\/french-bed-elegans\/","og_site_name":"Name\u0161taj VDV Anti\u0107","article_publisher":"https:\/\/www.facebook.com\/namestaj.antic\/","article_modified_time":"2024-08-12T12:42:56+00:00","og_image":[{"width":800,"height":1080,"url":"https:\/\/namestajvdvantic.com\/wp-content\/uploads\/2021\/05\/franc-lezaj-elegans.jpg","type":"image\/jpeg"}],"twitter_card":"summary_large_image","schema":{"@context":"https:\/\/schema.org","@graph":[{"@type":"WebPage","@id":"https:\/\/namestajvdvantic.com\/en\/proizvod\/french-bed-elegans\/","url":"https:\/\/namestajvdvantic.com\/en\/proizvod\/french-bed-elegans\/","name":"French bed Elegans | Name\u0161taj VDV Anti\u0107","isPartOf":{"@id":"https:\/\/namestajvdvantic.com\/#website"},"primaryImageOfPage":{"@id":"https:\/\/namestajvdvantic.com\/en\/proizvod\/french-bed-elegans\/#primaryimage"},"image":{"@id":"https:\/\/namestajvdvantic.com\/en\/proizvod\/french-bed-elegans\/#primaryimage"},"thumbnailUrl":"https:\/\/namestajvdvantic.com\/wp-content\/uploads\/2021\/05\/franc-lezaj-elegans.jpg","datePublished":"2021-05-05T10:55:33+00:00","dateModified":"2024-08-12T12:42:56+00:00","breadcrumb":{"@id":"https:\/\/namestajvdvantic.com\/en\/proizvod\/french-bed-elegans\/#breadcrumb"},"inLanguage":"en-US","potentialAction":[{"@type":"ReadAction","target":["https:\/\/namestajvdvantic.com\/en\/proizvod\/french-bed-elegans\/"]}]},{"@type":"ImageObject","inLanguage":"en-US","@id":"https:\/\/namestajvdvantic.com\/en\/proizvod\/french-bed-elegans\/#primaryimage","url":"https:\/\/namestajvdvantic.com\/wp-content\/uploads\/2021\/05\/franc-lezaj-elegans.jpg","contentUrl":"https:\/\/namestajvdvantic.com\/wp-content\/uploads\/2021\/05\/franc-lezaj-elegans.jpg","width":800,"height":1080},{"@type":"BreadcrumbList","@id":"https:\/\/namestajvdvantic.com\/en\/proizvod\/french-bed-elegans\/#breadcrumb","itemListElement":[{"@type":"ListItem","position":1,"name":"Home","item":"https:\/\/namestajvdvantic.com\/en\/"},{"@type":"ListItem","position":2,"name":"Furniture","item":"https:\/\/namestajvdvantic.com\/en\/furniture\/"},{"@type":"ListItem","position":3,"name":"French bed Elegans"}]},{"@type":"WebSite","@id":"https:\/\/namestajvdvantic.com\/#website","url":"https:\/\/namestajvdvantic.com\/","name":"Name\u0161taj VDV Anti\u0107 Kru\u0161evac - Name\u0161taj Kraljevo, Name\u0161taj \u010ca\u010dak","description":"Proizvodnja i prodaja name\u0161taja vrhunskog kvaliteta","publisher":{"@id":"https:\/\/namestajvdvantic.com\/#organization"},"potentialAction":[{"@type":"SearchAction","target":{"@type":"EntryPoint","urlTemplate":"https:\/\/namestajvdvantic.com\/?s={search_term_string}"},"query-input":{"@type":"PropertyValueSpecification","valueRequired":true,"valueName":"search_term_string"}}],"inLanguage":"en-US"},{"@type":"Organization","@id":"https:\/\/namestajvdvantic.com\/#organization","name":"Name\u0161taj VDV Anti\u0107","url":"https:\/\/namestajvdvantic.com\/","logo":{"@type":"ImageObject","inLanguage":"en-US","@id":"https:\/\/namestajvdvantic.com\/#\/schema\/logo\/image\/","url":"https:\/\/namestajvdvantic.com\/wp-content\/uploads\/2021\/03\/logo-vdv-1.png","contentUrl":"https:\/\/namestajvdvantic.com\/wp-content\/uploads\/2021\/03\/logo-vdv-1.png","width":120,"height":50,"caption":"Name\u0161taj VDV Anti\u0107"},"image":{"@id":"https:\/\/namestajvdvantic.com\/#\/schema\/logo\/image\/"},"sameAs":["https:\/\/www.facebook.com\/namestaj.antic\/","https:\/\/www.instagram.com\/namestaj.antic\/"]}]}},"_links":{"self":[{"href":"https:\/\/namestajvdvantic.com\/en\/wp-json\/wp\/v2\/product\/4295","targetHints":{"allow":["GET"]}}],"collection":[{"href":"https:\/\/namestajvdvantic.com\/en\/wp-json\/wp\/v2\/product"}],"about":[{"href":"https:\/\/namestajvdvantic.com\/en\/wp-json\/wp\/v2\/types\/product"}],"replies":[{"embeddable":true,"href":"https:\/\/namestajvdvantic.com\/en\/wp-json\/wp\/v2\/comments?post=4295"}],"wp:featuredmedia":[{"embeddable":true,"href":"https:\/\/namestajvdvantic.com\/en\/wp-json\/wp\/v2\/media\/3513"}],"wp:attachment":[{"href":"https:\/\/namestajvdvantic.com\/en\/wp-json\/wp\/v2\/media?parent=4295"}],"wp:term":[{"taxonomy":"product_cat","embeddable":true,"href":"https:\/\/namestajvdvantic.com\/en\/wp-json\/wp\/v2\/product_cat?post=4295"},{"taxonomy":"product_tag","embeddable":true,"href":"https:\/\/namestajvdvantic.com\/en\/wp-json\/wp\/v2\/product_tag?post=4295"}],"curies":[{"name":"wp","href":"https:\/\/api.w.org\/{rel}","templated":true}]}}