{"id":4503,"date":"2024-08-08T10:20:22","date_gmt":"2024-08-08T10:20:22","guid":{"rendered":"https:\/\/namestajvdvantic.com\/?post_type=product&#038;p=4503"},"modified":"2024-08-08T12:41:02","modified_gmt":"2024-08-08T12:41:02","slug":"set-lucija","status":"publish","type":"product","link":"https:\/\/namestajvdvantic.com\/en\/proizvod\/set-lucija\/","title":{"rendered":"SET Lucija"},"content":{"rendered":"","protected":false},"excerpt":{"rendered":"<h3>DESCRIPTION<\/h3>\n<p>The TDF LUCIJA sofa set is the perfect companion for the modern pace of life, thanks to its design that exudes comfort. With this sofa model, you can easily transform your living space into a relaxation zone, with the added option of converting the three-seater into a bed. The sofa set&#8217;s frame is made of beech wood with a coil spring core.<\/p>\n<h3>DIMENSIONS<\/h3>\n<p>240\/165\/75 x 100 x 100<\/p>\n","protected":false},"featured_media":4504,"comment_status":"open","ping_status":"closed","template":"","meta":{"_acf_changed":false},"product_cat":[183,172],"product_tag":[],"class_list":["post-4503","product","type-product","status-publish","has-post-thumbnail","hentry","product_cat-living-room-sets","product_cat-sets"],"acf":[],"yoast_head":"<!-- This site is optimized with the Yoast SEO plugin v23.4 - https:\/\/yoast.com\/wordpress\/plugins\/seo\/ -->\n<title>SET Lucija | Name\u0161taj VDV Anti\u0107<\/title>\n<meta name=\"robots\" content=\"index, follow, max-snippet:-1, max-image-preview:large, max-video-preview:-1\" \/>\n<link rel=\"canonical\" href=\"https:\/\/namestajvdvantic.com\/en\/proizvod\/set-lucija\/\" \/>\n<meta property=\"og:locale\" content=\"en_US\" \/>\n<meta property=\"og:type\" content=\"article\" \/>\n<meta property=\"og:title\" content=\"SET Lucija | Name\u0161taj VDV Anti\u0107\" \/>\n<meta property=\"og:description\" content=\"DESCRIPTION The TDF LUCIJA sofa set is the perfect companion for the modern pace of life, thanks to its design that exudes comfort. With this sofa model, you can easily transform your living space into a relaxation zone, with the added option of converting the three-seater into a bed. The sofa set&#039;s frame is made of beech wood with a coil spring core. DIMENSIONS 240\/165\/75 x 100 x 100\" \/>\n<meta property=\"og:url\" content=\"https:\/\/namestajvdvantic.com\/en\/proizvod\/set-lucija\/\" \/>\n<meta property=\"og:site_name\" content=\"Name\u0161taj VDV Anti\u0107\" \/>\n<meta property=\"article:publisher\" content=\"https:\/\/www.facebook.com\/namestaj.antic\/\" \/>\n<meta property=\"article:modified_time\" content=\"2024-08-08T12:41:02+00:00\" \/>\n<meta property=\"og:image\" content=\"https:\/\/namestajvdvantic.com\/wp-content\/uploads\/2024\/08\/tdf-lucija.jpg\" \/>\n\t<meta property=\"og:image:width\" content=\"800\" \/>\n\t<meta property=\"og:image:height\" content=\"1080\" \/>\n\t<meta property=\"og:image:type\" content=\"image\/jpeg\" \/>\n<meta name=\"twitter:card\" content=\"summary_large_image\" \/>\n<script type=\"application\/ld+json\" class=\"yoast-schema-graph\">{\"@context\":\"https:\/\/schema.org\",\"@graph\":[{\"@type\":\"WebPage\",\"@id\":\"https:\/\/namestajvdvantic.com\/en\/proizvod\/set-lucija\/\",\"url\":\"https:\/\/namestajvdvantic.com\/en\/proizvod\/set-lucija\/\",\"name\":\"SET Lucija | Name\u0161taj VDV Anti\u0107\",\"isPartOf\":{\"@id\":\"https:\/\/namestajvdvantic.com\/#website\"},\"primaryImageOfPage\":{\"@id\":\"https:\/\/namestajvdvantic.com\/en\/proizvod\/set-lucija\/#primaryimage\"},\"image\":{\"@id\":\"https:\/\/namestajvdvantic.com\/en\/proizvod\/set-lucija\/#primaryimage\"},\"thumbnailUrl\":\"https:\/\/namestajvdvantic.com\/wp-content\/uploads\/2024\/08\/tdf-lucija.jpg\",\"datePublished\":\"2024-08-08T10:20:22+00:00\",\"dateModified\":\"2024-08-08T12:41:02+00:00\",\"breadcrumb\":{\"@id\":\"https:\/\/namestajvdvantic.com\/en\/proizvod\/set-lucija\/#breadcrumb\"},\"inLanguage\":\"en-US\",\"potentialAction\":[{\"@type\":\"ReadAction\",\"target\":[\"https:\/\/namestajvdvantic.com\/en\/proizvod\/set-lucija\/\"]}]},{\"@type\":\"ImageObject\",\"inLanguage\":\"en-US\",\"@id\":\"https:\/\/namestajvdvantic.com\/en\/proizvod\/set-lucija\/#primaryimage\",\"url\":\"https:\/\/namestajvdvantic.com\/wp-content\/uploads\/2024\/08\/tdf-lucija.jpg\",\"contentUrl\":\"https:\/\/namestajvdvantic.com\/wp-content\/uploads\/2024\/08\/tdf-lucija.jpg\",\"width\":800,\"height\":1080},{\"@type\":\"BreadcrumbList\",\"@id\":\"https:\/\/namestajvdvantic.com\/en\/proizvod\/set-lucija\/#breadcrumb\",\"itemListElement\":[{\"@type\":\"ListItem\",\"position\":1,\"name\":\"Home\",\"item\":\"https:\/\/namestajvdvantic.com\/en\/\"},{\"@type\":\"ListItem\",\"position\":2,\"name\":\"Furniture\",\"item\":\"https:\/\/namestajvdvantic.com\/en\/furniture\/\"},{\"@type\":\"ListItem\",\"position\":3,\"name\":\"SET Lucija\"}]},{\"@type\":\"WebSite\",\"@id\":\"https:\/\/namestajvdvantic.com\/#website\",\"url\":\"https:\/\/namestajvdvantic.com\/\",\"name\":\"Name\u0161taj VDV Anti\u0107 Kru\u0161evac - Name\u0161taj Kraljevo, Name\u0161taj \u010ca\u010dak\",\"description\":\"Proizvodnja i prodaja name\u0161taja vrhunskog kvaliteta\",\"publisher\":{\"@id\":\"https:\/\/namestajvdvantic.com\/#organization\"},\"potentialAction\":[{\"@type\":\"SearchAction\",\"target\":{\"@type\":\"EntryPoint\",\"urlTemplate\":\"https:\/\/namestajvdvantic.com\/?s={search_term_string}\"},\"query-input\":{\"@type\":\"PropertyValueSpecification\",\"valueRequired\":true,\"valueName\":\"search_term_string\"}}],\"inLanguage\":\"en-US\"},{\"@type\":\"Organization\",\"@id\":\"https:\/\/namestajvdvantic.com\/#organization\",\"name\":\"Name\u0161taj VDV Anti\u0107\",\"url\":\"https:\/\/namestajvdvantic.com\/\",\"logo\":{\"@type\":\"ImageObject\",\"inLanguage\":\"en-US\",\"@id\":\"https:\/\/namestajvdvantic.com\/#\/schema\/logo\/image\/\",\"url\":\"https:\/\/namestajvdvantic.com\/wp-content\/uploads\/2021\/03\/logo-vdv-1.png\",\"contentUrl\":\"https:\/\/namestajvdvantic.com\/wp-content\/uploads\/2021\/03\/logo-vdv-1.png\",\"width\":120,\"height\":50,\"caption\":\"Name\u0161taj VDV Anti\u0107\"},\"image\":{\"@id\":\"https:\/\/namestajvdvantic.com\/#\/schema\/logo\/image\/\"},\"sameAs\":[\"https:\/\/www.facebook.com\/namestaj.antic\/\",\"https:\/\/www.instagram.com\/namestaj.antic\/\"]}]}<\/script>\n<!-- \/ Yoast SEO plugin. -->","yoast_head_json":{"title":"SET Lucija | Name\u0161taj VDV Anti\u0107","robots":{"index":"index","follow":"follow","max-snippet":"max-snippet:-1","max-image-preview":"max-image-preview:large","max-video-preview":"max-video-preview:-1"},"canonical":"https:\/\/namestajvdvantic.com\/en\/proizvod\/set-lucija\/","og_locale":"en_US","og_type":"article","og_title":"SET Lucija | Name\u0161taj VDV Anti\u0107","og_description":"DESCRIPTION The TDF LUCIJA sofa set is the perfect companion for the modern pace of life, thanks to its design that exudes comfort. With this sofa model, you can easily transform your living space into a relaxation zone, with the added option of converting the three-seater into a bed. The sofa set's frame is made of beech wood with a coil spring core. DIMENSIONS 240\/165\/75 x 100 x 100","og_url":"https:\/\/namestajvdvantic.com\/en\/proizvod\/set-lucija\/","og_site_name":"Name\u0161taj VDV Anti\u0107","article_publisher":"https:\/\/www.facebook.com\/namestaj.antic\/","article_modified_time":"2024-08-08T12:41:02+00:00","og_image":[{"width":800,"height":1080,"url":"https:\/\/namestajvdvantic.com\/wp-content\/uploads\/2024\/08\/tdf-lucija.jpg","type":"image\/jpeg"}],"twitter_card":"summary_large_image","schema":{"@context":"https:\/\/schema.org","@graph":[{"@type":"WebPage","@id":"https:\/\/namestajvdvantic.com\/en\/proizvod\/set-lucija\/","url":"https:\/\/namestajvdvantic.com\/en\/proizvod\/set-lucija\/","name":"SET Lucija | Name\u0161taj VDV Anti\u0107","isPartOf":{"@id":"https:\/\/namestajvdvantic.com\/#website"},"primaryImageOfPage":{"@id":"https:\/\/namestajvdvantic.com\/en\/proizvod\/set-lucija\/#primaryimage"},"image":{"@id":"https:\/\/namestajvdvantic.com\/en\/proizvod\/set-lucija\/#primaryimage"},"thumbnailUrl":"https:\/\/namestajvdvantic.com\/wp-content\/uploads\/2024\/08\/tdf-lucija.jpg","datePublished":"2024-08-08T10:20:22+00:00","dateModified":"2024-08-08T12:41:02+00:00","breadcrumb":{"@id":"https:\/\/namestajvdvantic.com\/en\/proizvod\/set-lucija\/#breadcrumb"},"inLanguage":"en-US","potentialAction":[{"@type":"ReadAction","target":["https:\/\/namestajvdvantic.com\/en\/proizvod\/set-lucija\/"]}]},{"@type":"ImageObject","inLanguage":"en-US","@id":"https:\/\/namestajvdvantic.com\/en\/proizvod\/set-lucija\/#primaryimage","url":"https:\/\/namestajvdvantic.com\/wp-content\/uploads\/2024\/08\/tdf-lucija.jpg","contentUrl":"https:\/\/namestajvdvantic.com\/wp-content\/uploads\/2024\/08\/tdf-lucija.jpg","width":800,"height":1080},{"@type":"BreadcrumbList","@id":"https:\/\/namestajvdvantic.com\/en\/proizvod\/set-lucija\/#breadcrumb","itemListElement":[{"@type":"ListItem","position":1,"name":"Home","item":"https:\/\/namestajvdvantic.com\/en\/"},{"@type":"ListItem","position":2,"name":"Furniture","item":"https:\/\/namestajvdvantic.com\/en\/furniture\/"},{"@type":"ListItem","position":3,"name":"SET Lucija"}]},{"@type":"WebSite","@id":"https:\/\/namestajvdvantic.com\/#website","url":"https:\/\/namestajvdvantic.com\/","name":"Name\u0161taj VDV Anti\u0107 Kru\u0161evac - Name\u0161taj Kraljevo, Name\u0161taj \u010ca\u010dak","description":"Proizvodnja i prodaja name\u0161taja vrhunskog kvaliteta","publisher":{"@id":"https:\/\/namestajvdvantic.com\/#organization"},"potentialAction":[{"@type":"SearchAction","target":{"@type":"EntryPoint","urlTemplate":"https:\/\/namestajvdvantic.com\/?s={search_term_string}"},"query-input":{"@type":"PropertyValueSpecification","valueRequired":true,"valueName":"search_term_string"}}],"inLanguage":"en-US"},{"@type":"Organization","@id":"https:\/\/namestajvdvantic.com\/#organization","name":"Name\u0161taj VDV Anti\u0107","url":"https:\/\/namestajvdvantic.com\/","logo":{"@type":"ImageObject","inLanguage":"en-US","@id":"https:\/\/namestajvdvantic.com\/#\/schema\/logo\/image\/","url":"https:\/\/namestajvdvantic.com\/wp-content\/uploads\/2021\/03\/logo-vdv-1.png","contentUrl":"https:\/\/namestajvdvantic.com\/wp-content\/uploads\/2021\/03\/logo-vdv-1.png","width":120,"height":50,"caption":"Name\u0161taj VDV Anti\u0107"},"image":{"@id":"https:\/\/namestajvdvantic.com\/#\/schema\/logo\/image\/"},"sameAs":["https:\/\/www.facebook.com\/namestaj.antic\/","https:\/\/www.instagram.com\/namestaj.antic\/"]}]}},"_links":{"self":[{"href":"https:\/\/namestajvdvantic.com\/en\/wp-json\/wp\/v2\/product\/4503","targetHints":{"allow":["GET"]}}],"collection":[{"href":"https:\/\/namestajvdvantic.com\/en\/wp-json\/wp\/v2\/product"}],"about":[{"href":"https:\/\/namestajvdvantic.com\/en\/wp-json\/wp\/v2\/types\/product"}],"replies":[{"embeddable":true,"href":"https:\/\/namestajvdvantic.com\/en\/wp-json\/wp\/v2\/comments?post=4503"}],"wp:featuredmedia":[{"embeddable":true,"href":"https:\/\/namestajvdvantic.com\/en\/wp-json\/wp\/v2\/media\/4504"}],"wp:attachment":[{"href":"https:\/\/namestajvdvantic.com\/en\/wp-json\/wp\/v2\/media?parent=4503"}],"wp:term":[{"taxonomy":"product_cat","embeddable":true,"href":"https:\/\/namestajvdvantic.com\/en\/wp-json\/wp\/v2\/product_cat?post=4503"},{"taxonomy":"product_tag","embeddable":true,"href":"https:\/\/namestajvdvantic.com\/en\/wp-json\/wp\/v2\/product_tag?post=4503"}],"curies":[{"name":"wp","href":"https:\/\/api.w.org\/{rel}","templated":true}]}}